{"id":16219,"date":"2024-01-22T22:13:46","date_gmt":"2024-01-22T22:13:46","guid":{"rendered":"https:\/\/arkypet.com\/?post_type=product&#038;p=16219"},"modified":"2024-01-30T23:39:36","modified_gmt":"2024-01-30T23:39:36","slug":"tapetes-olfativos-en-pano-lenzy","status":"publish","type":"product","link":"https:\/\/arkypet.com\/index.php\/product\/tapetes-olfativos-en-pano-lenzy\/","title":{"rendered":"TAPETES OLFATIVOS EN PA\u00d1O LENZY"},"content":{"rendered":"<p><b>TAPETES OLFATIVOS<\/b><\/p>\n<p><span style=\"font-weight: 400;\">Nuestra marca tiene una l\u00ednea de juegos interactivo para los peludos. Es de suma importancia estimular el olfato y la mente a nuestras mascotas.<\/span><\/p>\n<p><span style=\"font-weight: 400;\">Al hacer juegos de b\u00fasqueda con nuestras mascotas les estamos motivando a utilizar su mente y olfato, al realizar este tipo de actividades los estamos cansando f\u00edsicamente como si los sac\u00e1ramos a realizar un corto paseo al parque. Realizando esta actividad en el tapete olfativo de 10 a 15 minutos nos ayuda a cansarlos f\u00edsicamente como si jug\u00e1ramos con ellos por 1 hora o un poco m\u00e1s.<\/span><\/p>\n<p><span style=\"font-weight: 400;\">Los tapetes de trapillo pueden ser personalizados (tama\u00f1o, color, dise\u00f1o)<\/span><\/p>\n<p>Los personalizados todos tama\u00f1os por pedido.<\/p>\n<p><span style=\"font-weight: 400;\">Los de trapillo: tiempo de entrega de 10 a 15 d\u00edas h\u00e1biles.<\/span><\/p>\n","protected":false},"excerpt":{"rendered":"<p><b>TAPETES OLFATIVOS<\/b><\/p>\n<p><span style=\"font-weight: 400;\">Nuestra marca tiene una l\u00ednea de juegos interactivo para los peludos. Es de suma importancia estimular el olfato y la mente a nuestras mascotas.<\/span><\/p>\n<p><span style=\"font-weight: 400;\">Al hacer juegos de b\u00fasqueda con nuestras mascotas les estamos motivando a utilizar su mente y olfato, al realizar este tipo de actividades los estamos cansando f\u00edsicamente como si los sac\u00e1ramos a realizar un corto paseo al parque. Realizando esta actividad en el tapete olfativo de 10 a 15 minutos nos ayuda a cansarlos f\u00edsicamente como si jug\u00e1ramos con ellos por 1 hora o un poco m\u00e1s.<\/span><\/p>\n<p><span style=\"font-weight: 400;\">Los tapetes de trapillo pueden ser personalizados (tama\u00f1o, color, dise\u00f1o)<\/span><\/p>\n<p>Los personalizados todos tama\u00f1os por pedido.<\/p>\n<p><span style=\"font-weight: 400;\">Los de trapillo: tiempo de entrega de 10 a 15 d\u00edas h\u00e1biles.<\/span><\/p>\n","protected":false},"featured_media":16183,"template":"","meta":[],"product_cat":[42],"product_tag":[],"class_list":{"0":"post-16219","1":"product","2":"type-product","3":"status-publish","4":"has-post-thumbnail","6":"product_cat-tapetes","8":"first","9":"instock","10":"shipping-taxable","11":"purchasable","12":"product-type-variable"},"_links":{"self":[{"href":"https:\/\/arkypet.com\/index.php\/wp-json\/wp\/v2\/product\/16219","targetHints":{"allow":["GET"]}}],"collection":[{"href":"https:\/\/arkypet.com\/index.php\/wp-json\/wp\/v2\/product"}],"about":[{"href":"https:\/\/arkypet.com\/index.php\/wp-json\/wp\/v2\/types\/product"}],"version-history":[{"count":5,"href":"https:\/\/arkypet.com\/index.php\/wp-json\/wp\/v2\/product\/16219\/revisions"}],"predecessor-version":[{"id":16235,"href":"https:\/\/arkypet.com\/index.php\/wp-json\/wp\/v2\/product\/16219\/revisions\/16235"}],"wp:featuredmedia":[{"embeddable":true,"href":"https:\/\/arkypet.com\/index.php\/wp-json\/wp\/v2\/media\/16183"}],"wp:attachment":[{"href":"https:\/\/arkypet.com\/index.php\/wp-json\/wp\/v2\/media?parent=16219"}],"wp:term":[{"taxonomy":"product_cat","embeddable":true,"href":"https:\/\/arkypet.com\/index.php\/wp-json\/wp\/v2\/product_cat?post=16219"},{"taxonomy":"product_tag","embeddable":true,"href":"https:\/\/arkypet.com\/index.php\/wp-json\/wp\/v2\/product_tag?post=16219"}],"curies":[{"name":"wp","href":"https:\/\/api.w.org\/{rel}","templated":true}]}}