{"id":16221,"date":"2024-01-25T05:27:35","date_gmt":"2024-01-25T05:27:35","guid":{"rendered":"https:\/\/arkypet.com\/?post_type=product&#038;p=16221"},"modified":"2024-01-31T21:51:37","modified_gmt":"2024-01-31T21:51:37","slug":"enterizos-impermeables","status":"publish","type":"product","link":"https:\/\/arkypet.com\/index.php\/product\/enterizos-impermeables\/","title":{"rendered":"ENTERIZOS IMPERMEABLES"},"content":{"rendered":"<p>Nuestro dise\u00f1o de 4 patas proporciona una protecci\u00f3n completa a nuestros peludito ya que evita que se mojen o salpique las patas y el pecho, es c\u00f3modo, f\u00e1cil de quitar y de poner , se puede lavar en m\u00e1quina. No llevar a la secadora<\/p>\n","protected":false},"excerpt":{"rendered":"<p>Nuestro dise\u00f1o de 4 patas proporciona una protecci\u00f3n completa a nuestros peludito ya que evita que se mojen o salpique las patas y el pecho, es c\u00f3modo, f\u00e1cil de quitar y de poner , se puede lavar en m\u00e1quina. No llevar a la secadora<\/p>\n","protected":false},"featured_media":16222,"template":"","meta":[],"product_cat":[32],"product_tag":[],"class_list":{"0":"post-16221","1":"product","2":"type-product","3":"status-publish","4":"has-post-thumbnail","6":"product_cat-impermeables","8":"first","9":"instock","10":"shipping-taxable","11":"purchasable","12":"product-type-variable"},"_links":{"self":[{"href":"https:\/\/arkypet.com\/index.php\/wp-json\/wp\/v2\/product\/16221","targetHints":{"allow":["GET"]}}],"collection":[{"href":"https:\/\/arkypet.com\/index.php\/wp-json\/wp\/v2\/product"}],"about":[{"href":"https:\/\/arkypet.com\/index.php\/wp-json\/wp\/v2\/types\/product"}],"version-history":[{"count":3,"href":"https:\/\/arkypet.com\/index.php\/wp-json\/wp\/v2\/product\/16221\/revisions"}],"predecessor-version":[{"id":16281,"href":"https:\/\/arkypet.com\/index.php\/wp-json\/wp\/v2\/product\/16221\/revisions\/16281"}],"wp:featuredmedia":[{"embeddable":true,"href":"https:\/\/arkypet.com\/index.php\/wp-json\/wp\/v2\/media\/16222"}],"wp:attachment":[{"href":"https:\/\/arkypet.com\/index.php\/wp-json\/wp\/v2\/media?parent=16221"}],"wp:term":[{"taxonomy":"product_cat","embeddable":true,"href":"https:\/\/arkypet.com\/index.php\/wp-json\/wp\/v2\/product_cat?post=16221"},{"taxonomy":"product_tag","embeddable":true,"href":"https:\/\/arkypet.com\/index.php\/wp-json\/wp\/v2\/product_tag?post=16221"}],"curies":[{"name":"wp","href":"https:\/\/api.w.org\/{rel}","templated":true}]}}