{"id":361,"date":"2021-08-27T11:55:26","date_gmt":"2021-08-27T11:55:26","guid":{"rendered":"http:\/\/dummy.xtemos.com\/woodmart2\/elementor\/?post_type=product&#038;p=361"},"modified":"2023-12-20T01:58:14","modified_gmt":"2023-12-20T01:58:14","slug":"cadena-placa","status":"publish","type":"product","link":"https:\/\/arkypet.com\/index.php\/product\/cadena-placa\/","title":{"rendered":"CADENAS DE LUJO CON PLAQUITAS DE IDENTIFICACION"},"content":{"rendered":"\t\t<div data-elementor-type=\"wp-post\" data-elementor-id=\"361\" class=\"elementor elementor-361\" data-elementor-post-type=\"product\">\n\t\t\t\t<div class=\"elementor-element elementor-element-2934cb0 e-flex e-con-boxed wd-section-disabled e-con e-parent\" data-id=\"2934cb0\" data-element_type=\"container\">\n\t\t\t\t\t<div class=\"e-con-inner\">\n\t\t\t\t<div class=\"elementor-element elementor-element-6d836f3 elementor-widget elementor-widget-wd_text_block\" data-id=\"6d836f3\" data-element_type=\"widget\" data-widget_type=\"wd_text_block.default\">\n\t\t\t\t<div class=\"elementor-widget-container\">\n\t\t\t\t\t\t\t<div class=\"wd-text-block reset-last-child text-left\">\n\t\t\t\n\t\t\t<h3><strong>Cadena de Lujo con Plaquitas de Identificaci\u00f3n - Elegancia y Seguridad Fusionadas en una Joya Canina<\/strong><\/h3><h4>Presentamos nuestra exclusiva Cadena de Lujo con Plaquitas de Identificaci\u00f3n, la elecci\u00f3n perfecta para aquellos que desean combinar estilo y seguridad para sus amigos peludos. Esta joya canina no solo es un accesorio de moda excepcional, sino tambi\u00e9n un medio efectivo para identificar a tu mascota con elegancia.<\/h4><h3><strong>Caracter\u00edsticas Distintivas:<\/strong><\/h3><ol><li><h4><strong>Dise\u00f1o Sofisticado:<\/strong> La Cadena de Lujo de ARKYPET ha sido meticulosamente dise\u00f1ada para aportar un toque de elegancia a la apariencia de tu mascota. Cada eslab\u00f3n brilla con un acabado de alta calidad que refleja la atenci\u00f3n al detalle.<\/h4><\/li><li><h4><strong>Plaquitas de Identificaci\u00f3n Personalizadas:<\/strong> A\u00f1ade un toque personal a la cadena con nuestras plaquitas de identificaci\u00f3n grabadas. Incluye detalles importantes como el nombre de tu mascota y tu n\u00famero de contacto para garantizar su seguridad en caso de extrav\u00edo.<\/h4><\/li><li><h4><strong>Materiales Premium:<\/strong> Fabricada con materiales resistentes y duraderos, esta cadena no solo es un accesorio de moda, sino tambi\u00e9n una inversi\u00f3n en calidad. Resistente a la corrosi\u00f3n y dise\u00f1ada para perdurar, incluso en las aventuras m\u00e1s activas.<\/h4><\/li><li><h4><strong>Ajustable y C\u00f3moda:<\/strong> La cadena cuenta con eslabones ajustables para adaptarse al tama\u00f1o espec\u00edfico de tu mascota. Garantiza un ajuste c\u00f3modo y seguro, proporcionando a tu amigo peludo la libertad de moverse con gracia.<\/h4><\/li><li><h4><strong>Cierre Seguro:<\/strong> La cadena se asegura con un cierre resistente, asegurando que permanezca en su lugar de manera segura mientras tu mascota disfruta de sus actividades diarias.<\/h4><\/li><\/ol>\n\t\t\t\t\t<\/div>\n\t\t\t\t\t\t<\/div>\n\t\t\t\t<\/div>\n\t\t\t\t\t<\/div>\n\t\t\t\t<\/div>\n\t\t\t\t<\/div>\n\t\t","protected":false},"excerpt":{"rendered":"<p><span style=\"font-weight: 400;\">Arky tiene una l\u00ednea de accesorios de lujo, est\u00e1n son las cadenas dise\u00f1adas y fabricadas por nosotras.<\/span><\/p>\n","protected":false},"featured_media":15930,"template":"","meta":[],"product_cat":[53],"product_tag":[],"class_list":{"0":"post-361","1":"product","2":"type-product","3":"status-publish","4":"has-post-thumbnail","6":"product_cat-accesorios","8":"first","9":"instock","10":"shipping-taxable","11":"purchasable","12":"product-type-variable"},"_links":{"self":[{"href":"https:\/\/arkypet.com\/index.php\/wp-json\/wp\/v2\/product\/361","targetHints":{"allow":["GET"]}}],"collection":[{"href":"https:\/\/arkypet.com\/index.php\/wp-json\/wp\/v2\/product"}],"about":[{"href":"https:\/\/arkypet.com\/index.php\/wp-json\/wp\/v2\/types\/product"}],"version-history":[{"count":8,"href":"https:\/\/arkypet.com\/index.php\/wp-json\/wp\/v2\/product\/361\/revisions"}],"predecessor-version":[{"id":16067,"href":"https:\/\/arkypet.com\/index.php\/wp-json\/wp\/v2\/product\/361\/revisions\/16067"}],"wp:featuredmedia":[{"embeddable":true,"href":"https:\/\/arkypet.com\/index.php\/wp-json\/wp\/v2\/media\/15930"}],"wp:attachment":[{"href":"https:\/\/arkypet.com\/index.php\/wp-json\/wp\/v2\/media?parent=361"}],"wp:term":[{"taxonomy":"product_cat","embeddable":true,"href":"https:\/\/arkypet.com\/index.php\/wp-json\/wp\/v2\/product_cat?post=361"},{"taxonomy":"product_tag","embeddable":true,"href":"https:\/\/arkypet.com\/index.php\/wp-json\/wp\/v2\/product_tag?post=361"}],"curies":[{"name":"wp","href":"https:\/\/api.w.org\/{rel}","templated":true}]}}