{"id":411,"date":"2021-08-27T12:19:36","date_gmt":"2021-08-27T12:19:36","guid":{"rendered":"http:\/\/dummy.xtemos.com\/woodmart2\/elementor\/?post_type=product&#038;p=411"},"modified":"2024-01-30T23:43:48","modified_gmt":"2024-01-30T23:43:48","slug":"chalecos-fondo-entero","status":"publish","type":"product","link":"https:\/\/arkypet.com\/index.php\/product\/chalecos-fondo-entero\/","title":{"rendered":"CHALECOS FONDO ENTERO"},"content":{"rendered":"\t\t<div data-elementor-type=\"wp-post\" data-elementor-id=\"411\" class=\"elementor elementor-411\" data-elementor-post-type=\"product\">\n\t\t\t\t<div class=\"elementor-element elementor-element-5504c4f e-flex e-con-boxed wd-section-disabled e-con e-parent\" data-id=\"5504c4f\" data-element_type=\"container\">\n\t\t\t\t\t<div class=\"e-con-inner\">\n\t\t\t\t<div class=\"elementor-element elementor-element-5b98059 elementor-widget elementor-widget-wd_text_block\" data-id=\"5b98059\" data-element_type=\"widget\" data-widget_type=\"wd_text_block.default\">\n\t\t\t\t<div class=\"elementor-widget-container\">\n\t\t\t\t\t\t\t<div class=\"wd-text-block reset-last-child text-left\">\n\t\t\t\n\t\t\t<h3><strong>Chalecos para Perro - Comodidad, Estilo y Seguridad en Cada Aventura<\/strong><\/h3><h4>Presentamos nuestra colecci\u00f3n de Chalecos para Perro, donde la comodidad y el estilo se encuentran con la funcionalidad. Dise\u00f1ados para acompa\u00f1ar a tu fiel amigo en todas sus actividades, estos chalecos no solo son una declaraci\u00f3n de moda, sino tambi\u00e9n una capa de protecci\u00f3n que garantiza seguridad y confort en cada paso.<\/h4><h3><strong>Caracter\u00edsticas Destacadas:<\/strong><\/h3><ol><li><h4><strong>Dise\u00f1o Vers\u00e1til:<\/strong> Nuestros chalecos han sido dise\u00f1ados para adaptarse a todas las estaciones y actividades. Desde paseos diarios hasta aventuras al aire libre, encontrar\u00e1s el chaleco perfecto para cada ocasi\u00f3n.<\/h4><\/li><li><h4><strong>Materiales Transpirables:<\/strong> Fabricados con materiales transpirables y livianos, los chalecos proporcionan una comodidad excepcional. Tu perro se sentir\u00e1 fresco y libre para moverse sin restricciones, incluso en los d\u00edas m\u00e1s c\u00e1lidos.<\/h4><\/li><li><h4><strong>Ajuste Seguro y C\u00f3modo:<\/strong> Con cierres ajustables y correas seguras, nuestros chalecos garantizan un ajuste c\u00f3modo y seguro. No sacrificamos el estilo por la funcionalidad; nuestros chalecos son f\u00e1ciles de poner y quitar.<\/h4><\/li><li><h4><strong>Elementos Reflectantes:<\/strong> Algunos modelos cuentan con elementos reflectantes para mejorar la visibilidad en condiciones de poca luz, proporcionando una capa adicional de seguridad durante los paseos nocturnos.<\/h4><\/li><li><h4><strong>F\u00e1cil de Limpiar:<\/strong> La limpieza de los chalecos es sencilla. Puedes lavarlos a m\u00e1quina siguiendo las instrucciones de cuidado, asegurando que est\u00e9n listos para la pr\u00f3xima aventura.<\/h4><\/li><\/ol><h4><strong>C\u00f3mo Medir y Elegir la Talla Correcta:<\/strong><\/h4><h4>Consulta nuestra gu\u00eda de tallas para garantizar un ajuste perfecto. Mide la circunferencia del pecho y la longitud de la espalda de tu perro para seleccionar el chaleco adecuado.<\/h4><h4>Dale a tu perro la comodidad y el estilo que se merece con nuestros Chalecos para Perro de ARKYPET. Ya sea un paseo casual o una excursi\u00f3n emocionante, estos chalecos son la elecci\u00f3n perfecta para que tu mascota luzca incre\u00edble en cada aventura.<\/h4>\n\t\t\t\t\t<\/div>\n\t\t\t\t\t\t<\/div>\n\t\t\t\t<\/div>\n\t\t\t\t\t<\/div>\n\t\t\t\t<\/div>\n\t\t\t\t<\/div>\n\t\t","protected":false},"excerpt":{"rendered":"<p><span style=\"font-weight: 400;\">Nuestros chalecos est\u00e1n \u00a0 dise\u00f1ados pensado en que los peluditos est\u00e9n a la moda y c\u00f3modos.<\/span><\/p>\n<p><span style=\"font-weight: 400;\">Manejamos colores llamativos, divertidos y de tendencia. Tenemos l\u00ednea para hembras y machos.<\/span><\/p>\n<p><span style=\"font-weight: 400;\">Todos tienen un ojal para poder sacar la tra\u00edlla esto es para facilitar que tengan el arn\u00e9s por dentro.\u00a0<\/span><\/p>\n<p>&nbsp;<\/p>\n","protected":false},"featured_media":15627,"template":"","meta":[],"product_cat":[97],"product_tag":[],"class_list":{"0":"post-411","1":"product","2":"type-product","3":"status-publish","4":"has-post-thumbnail","6":"product_cat-chalecos","8":"first","9":"instock","10":"shipping-taxable","11":"purchasable","12":"product-type-variable"},"_links":{"self":[{"href":"https:\/\/arkypet.com\/index.php\/wp-json\/wp\/v2\/product\/411","targetHints":{"allow":["GET"]}}],"collection":[{"href":"https:\/\/arkypet.com\/index.php\/wp-json\/wp\/v2\/product"}],"about":[{"href":"https:\/\/arkypet.com\/index.php\/wp-json\/wp\/v2\/types\/product"}],"version-history":[{"count":13,"href":"https:\/\/arkypet.com\/index.php\/wp-json\/wp\/v2\/product\/411\/revisions"}],"predecessor-version":[{"id":16112,"href":"https:\/\/arkypet.com\/index.php\/wp-json\/wp\/v2\/product\/411\/revisions\/16112"}],"wp:featuredmedia":[{"embeddable":true,"href":"https:\/\/arkypet.com\/index.php\/wp-json\/wp\/v2\/media\/15627"}],"wp:attachment":[{"href":"https:\/\/arkypet.com\/index.php\/wp-json\/wp\/v2\/media?parent=411"}],"wp:term":[{"taxonomy":"product_cat","embeddable":true,"href":"https:\/\/arkypet.com\/index.php\/wp-json\/wp\/v2\/product_cat?post=411"},{"taxonomy":"product_tag","embeddable":true,"href":"https:\/\/arkypet.com\/index.php\/wp-json\/wp\/v2\/product_tag?post=411"}],"curies":[{"name":"wp","href":"https:\/\/api.w.org\/{rel}","templated":true}]}}